{"id":2815,"date":"2024-06-01T15:11:16","date_gmt":"2024-06-01T15:11:16","guid":{"rendered":"https:\/\/eb-ook.com\/?page_id=2815"},"modified":"2024-06-01T15:11:19","modified_gmt":"2024-06-01T15:11:19","slug":"dmca","status":"publish","type":"page","link":"https:\/\/eb-ook.com\/fr\/dmca\/","title":{"rendered":"DMCA"},"content":{"rendered":"<p>\nWelcome to   https:\/\/eb-ook.com  (the &#8220;Site&#8221;). We respect the intellectual property rights of others just as we expect others to respect our rights. Pursuant to Digital Millennium Copyright Act, Title 17, United States Code, Section 512(c), a copyright owner or their agent may submit a takedown notice to us via our DMCA Agent listed below. As an internet service provider, we are entitled to claim immunity from said infringement claims pursuant to the &#8220;safe harbor&#8221; provisions of the DMCA. To submit a good faith infringement claim to us, you must submit the notice to us that sets forth the following information:\n<\/p>\n<p><strong>Avis d&#039;Infraction \u2013 R\u00e9clamation<\/strong><\/p>\n<ol>\n<li>Une signature physique ou \u00e9lectronique du titulaire du droit d&#039;auteur (ou de la personne autoris\u00e9e \u00e0 agir au nom du propri\u00e9taire);<\/li>\n<li>Identification de l&#039;\u0153uvre prot\u00e9g\u00e9e dont la violation est all\u00e9gu\u00e9e;<\/li>\n<li>Identification du mat\u00e9riel contrefait \u00e0 enlever, et des informations raisonnablement suffisantes pour permettre au fournisseur de services de localiser le mat\u00e9riel. [S&#039;il vous pla\u00eet envoyer l&#039;URL de la page en question afin de nous aider dans l&#039;identification du pr\u00e9sum\u00e9 fautif de travail];<\/li>\n<li>Des informations raisonnablement suffisantes pour permettre au fournisseur de services de contacter la partie plaignante, y compris votre nom, adresse physique, adresse e-mail, num\u00e9ro de t\u00e9l\u00e9phone et num\u00e9ro de t\u00e9l\u00e9copieur;<\/li>\n<li>Une d\u00e9claration que la partie plaignante a une croyance de bonne foi que l&#039;utilisation du mat\u00e9riel n&#039;est pas autoris\u00e9e par l&#039;agent des droits d&#039;auteur; et<\/li>\n<li>Une d\u00e9claration que les informations contenues dans la notification sont exactes et, sous peine de parjure, que la partie plaignante est autoris\u00e9e \u00e0 agir au nom du propri\u00e9taire du droit d&#039;auteur.<\/li>\n<\/ol>\n<p>Titre 17 USC \u00a7512(f) fournit civile des dommages sanctions, y compris les frais et honoraires d&#039;avocat, \u00e0 l&#039;encontre de toute personne qui, sciemment et mat\u00e9riellement d\u00e9nature certaines informations dans une notification de violation de moins de 17 USC \u00a7512(c)(3).<\/p>\n<p>Envoyer tous les avis de retrait par le biais de notre page de Contact. Veuillez envoyer par e-mail pour une attention imm\u00e9diate.<\/p>\n<p>Veuillez noter que nous pouvons partager l&#039;identit\u00e9 et de l&#039;information dans toute revendication de droits d&#039;auteur que nous recevons avec l&#039;auteur pr\u00e9sum\u00e9 de l&#039;infraction. Dans la pr\u00e9sentation d&#039;une r\u00e9clamation, vous comprenez et acceptez que votre identit\u00e9 et votre r\u00e9clamation peut \u00eatre communiqu\u00e9e \u00e0 l&#039;auteur pr\u00e9sum\u00e9 de l&#039;infraction.<\/p>\n<p><strong>Contre-Notification \u2013 Restauration du Mat\u00e9riel<\/strong><\/p>\n<p>Si vous avez re\u00e7u un avis de mat\u00e9riel en cours de mise au sol en raison d&#039;une revendication de droits d&#039;auteur, vous pouvez nous fournir une contre-notification dans un effort pour avoir le mat\u00e9riel en question restaur\u00e9 sur le site. Ladite notification doit \u00eatre donn\u00e9e par \u00e9crit \u00e0 notre Agent DMCA et doit contenir essentiellement les \u00e9l\u00e9ments suivants conform\u00e9ment \u00e0 17 USC Section 512(g)(3):<\/p>\n<ol>\n<li>Votre signature physique ou \u00e9lectronique.<\/li>\n<li>Une description de la mati\u00e8re qui a \u00e9t\u00e9 pris vers le bas et l&#039;emplacement d&#039;origine de la mati\u00e8re avant qu&#039;il a \u00e9t\u00e9 pris vers le bas<\/li>\n<li>Une d\u00e9claration sous peine de parjure, que vous avez une croyance de bonne foi que le mat\u00e9riel a \u00e9t\u00e9 supprim\u00e9 ou d\u00e9sactiv\u00e9 \u00e0 la suite d&#039;une erreur ou d&#039;une mauvaise identification de la mati\u00e8re \u00e0 \u00eatre supprim\u00e9 ou d\u00e9sactiv\u00e9.<\/li>\n<li>Votre nom, votre adresse et votre num\u00e9ro de t\u00e9l\u00e9phone, et une d\u00e9claration que vous consentez \u00e0 la juridiction de la cour f\u00e9d\u00e9rale du district pour le district judiciaire dans lequel se situe l&#039;adresse (ou si vous \u00eates en dehors des \u00c9tats-unis, que vous consentez \u00e0 la comp\u00e9tence de tout district judiciaire dans lequel le prestataire de services peut \u00eatre trouv\u00e9), et que vous accepterez de proc\u00e9dure de la personne ou la soci\u00e9t\u00e9 qui a fourni l&#039;original de l&#039;avis de violation.<\/li>\n<li>Envoyer votre compteur d&#039;avis par le biais de notre page de Contact. Le courrier \u00e9lectronique est fortement recommand\u00e9.<\/li>\n<\/ol>\n<p><strong>Politique R\u00e9cidiviste<\/strong><\/p>\n<p>Nous prenons violation du droit d&#039;auteur tr\u00e8s au s\u00e9rieux. Conform\u00e9ment \u00e0 la politique r\u00e9cidiviste exigences de la Digital Millennium Copyright Act, nous maintenons une liste des avis DMCA d\u00e9tenteurs de droits d&#039;auteur et de faire un effort de bonne foi pour identifier toutes les r\u00e9cidivistes. Ceux qui violent nos internes politique r\u00e9cidiviste auront leurs comptes ferm\u00e9s.<\/p>\n<p><strong>Les Modifications<\/strong><\/p>\n<p>Nous nous r\u00e9servons le droit de modifier le contenu de cette page et de sa politique de traitement des r\u00e9clamations DMCA, \u00e0 tout moment et pour toute raison. Nous vous encourageons \u00e0 v\u00e9rifier en arri\u00e8re pour revoir cette politique fr\u00e9quemment pour toutes les modifications.<\/p>\n<p><strong>Contactez-Nous<\/strong><\/p>\n<p>Si vous avez des questions concernant cette Politique de Confidentialit\u00e9, veuillez nous contacter \u00e0 contact@eb-ook.com <\/p>\n<hr \/>\n<p>Derni\u00e8re Mise \u00c0 Jour: Le 1er Juin 2024<\/p>","protected":false},"excerpt":{"rendered":"<p>Welcome to https:\/\/eb-ook.com (the &#8220;Site&#8221;). We respect the intellectual property rights of others just as we expect others to respect our rights. Pursuant to Digital Millennium Copyright Act, Title 17, United States Code, Section 512(c), a copyright owner or their agent may submit a takedown notice to us via our DMCA Agent listed below. As [&hellip;]<\/p>","protected":false},"author":1,"featured_media":0,"parent":0,"menu_order":0,"comment_status":"closed","ping_status":"closed","template":"","meta":{"footnotes":""},"yoast_head":"<!-- This site is optimized with the Yoast SEO Premium plugin v22.9 (Yoast SEO v23.9) - https:\/\/yoast.com\/wordpress\/plugins\/seo\/ -->\n<title>DMCA - Audiobooks,Eb-ook<\/title>\n<meta name=\"robots\" content=\"index, follow, max-snippet:-1, max-image-preview:large, max-video-preview:-1\" \/>\n<link rel=\"canonical\" href=\"https:\/\/eb-ook.com\/fr\/dmca\/\" \/>\n<meta property=\"og:locale\" content=\"fr_FR\" \/>\n<meta property=\"og:type\" content=\"article\" \/>\n<meta property=\"og:title\" content=\"DMCA\" \/>\n<meta property=\"og:description\" content=\"Welcome to https:\/\/eb-ook.com (the &#8220;Site&#8221;). We respect the intellectual property rights of others just as we expect others to respect our rights. Pursuant to Digital Millennium Copyright Act, Title 17, United States Code, Section 512(c), a copyright owner or their agent may submit a takedown notice to us via our DMCA Agent listed below. As [&hellip;]\" \/>\n<meta property=\"og:url\" content=\"https:\/\/eb-ook.com\/fr\/dmca\/\" \/>\n<meta property=\"og:site_name\" content=\"Audiobooks,Eb-ook\" \/>\n<meta property=\"article:modified_time\" content=\"2024-06-01T15:11:19+00:00\" \/>\n<meta name=\"twitter:card\" content=\"summary_large_image\" \/>\n<meta name=\"twitter:label1\" content=\"Dur\u00e9e de lecture estim\u00e9e\" \/>\n\t<meta name=\"twitter:data1\" content=\"3 minutes\" \/>\n<script type=\"application\/ld+json\" class=\"yoast-schema-graph\">{\"@context\":\"https:\/\/schema.org\",\"@graph\":[{\"@type\":\"WebPage\",\"@id\":\"https:\/\/eb-ook.com\/dmca\/\",\"url\":\"https:\/\/eb-ook.com\/dmca\/\",\"name\":\"DMCA - Audiobooks,Eb-ook\",\"isPartOf\":{\"@id\":\"https:\/\/eb-ook.com\/#website\"},\"datePublished\":\"2024-06-01T15:11:16+00:00\",\"dateModified\":\"2024-06-01T15:11:19+00:00\",\"breadcrumb\":{\"@id\":\"https:\/\/eb-ook.com\/dmca\/#breadcrumb\"},\"inLanguage\":\"fr-FR\",\"potentialAction\":[{\"@type\":\"ReadAction\",\"target\":[\"https:\/\/eb-ook.com\/dmca\/\"]}]},{\"@type\":\"BreadcrumbList\",\"@id\":\"https:\/\/eb-ook.com\/dmca\/#breadcrumb\",\"itemListElement\":[{\"@type\":\"ListItem\",\"position\":1,\"name\":\"Home\",\"item\":\"https:\/\/eb-ook.com\/\"},{\"@type\":\"ListItem\",\"position\":2,\"name\":\"DMCA\"}]},{\"@type\":\"WebSite\",\"@id\":\"https:\/\/eb-ook.com\/#website\",\"url\":\"https:\/\/eb-ook.com\/\",\"name\":\"Audiobooks,Eb-ook\",\"description\":\"\",\"publisher\":{\"@id\":\"https:\/\/eb-ook.com\/#organization\"},\"potentialAction\":[{\"@type\":\"SearchAction\",\"target\":{\"@type\":\"EntryPoint\",\"urlTemplate\":\"https:\/\/eb-ook.com\/?s={search_term_string}\"},\"query-input\":{\"@type\":\"PropertyValueSpecification\",\"valueRequired\":true,\"valueName\":\"search_term_string\"}}],\"inLanguage\":\"fr-FR\"},{\"@type\":\"Organization\",\"@id\":\"https:\/\/eb-ook.com\/#organization\",\"name\":\"Audiobooks,Eb-ook\",\"url\":\"https:\/\/eb-ook.com\/\",\"logo\":{\"@type\":\"ImageObject\",\"inLanguage\":\"fr-FR\",\"@id\":\"https:\/\/eb-ook.com\/#\/schema\/logo\/image\/\",\"url\":\"https:\/\/eb-ook.com\/wp-content\/uploads\/2024\/06\/audiobooks.png\",\"contentUrl\":\"https:\/\/eb-ook.com\/wp-content\/uploads\/2024\/06\/audiobooks.png\",\"width\":290,\"height\":153,\"caption\":\"Audiobooks,Eb-ook\"},\"image\":{\"@id\":\"https:\/\/eb-ook.com\/#\/schema\/logo\/image\/\"}}]}<\/script>\n<!-- \/ Yoast SEO Premium plugin. -->","yoast_head_json":{"title":"DMCA - Audiobooks,Eb-ook","robots":{"index":"index","follow":"follow","max-snippet":"max-snippet:-1","max-image-preview":"max-image-preview:large","max-video-preview":"max-video-preview:-1"},"canonical":"https:\/\/eb-ook.com\/fr\/dmca\/","og_locale":"fr_FR","og_type":"article","og_title":"DMCA","og_description":"Welcome to https:\/\/eb-ook.com (the &#8220;Site&#8221;). We respect the intellectual property rights of others just as we expect others to respect our rights. Pursuant to Digital Millennium Copyright Act, Title 17, United States Code, Section 512(c), a copyright owner or their agent may submit a takedown notice to us via our DMCA Agent listed below. As [&hellip;]","og_url":"https:\/\/eb-ook.com\/fr\/dmca\/","og_site_name":"Audiobooks,Eb-ook","article_modified_time":"2024-06-01T15:11:19+00:00","twitter_card":"summary_large_image","twitter_misc":{"Dur\u00e9e de lecture estim\u00e9e":"3 minutes"},"schema":{"@context":"https:\/\/schema.org","@graph":[{"@type":"WebPage","@id":"https:\/\/eb-ook.com\/dmca\/","url":"https:\/\/eb-ook.com\/dmca\/","name":"DMCA - Audiobooks,Eb-ook","isPartOf":{"@id":"https:\/\/eb-ook.com\/#website"},"datePublished":"2024-06-01T15:11:16+00:00","dateModified":"2024-06-01T15:11:19+00:00","breadcrumb":{"@id":"https:\/\/eb-ook.com\/dmca\/#breadcrumb"},"inLanguage":"fr-FR","potentialAction":[{"@type":"ReadAction","target":["https:\/\/eb-ook.com\/dmca\/"]}]},{"@type":"BreadcrumbList","@id":"https:\/\/eb-ook.com\/dmca\/#breadcrumb","itemListElement":[{"@type":"ListItem","position":1,"name":"Home","item":"https:\/\/eb-ook.com\/"},{"@type":"ListItem","position":2,"name":"DMCA"}]},{"@type":"WebSite","@id":"https:\/\/eb-ook.com\/#website","url":"https:\/\/eb-ook.com\/","name":"Audiobooks,Eb-ook","description":"","publisher":{"@id":"https:\/\/eb-ook.com\/#organization"},"potentialAction":[{"@type":"SearchAction","target":{"@type":"EntryPoint","urlTemplate":"https:\/\/eb-ook.com\/?s={search_term_string}"},"query-input":{"@type":"PropertyValueSpecification","valueRequired":true,"valueName":"search_term_string"}}],"inLanguage":"fr-FR"},{"@type":"Organization","@id":"https:\/\/eb-ook.com\/#organization","name":"Audiobooks,Eb-ook","url":"https:\/\/eb-ook.com\/","logo":{"@type":"ImageObject","inLanguage":"fr-FR","@id":"https:\/\/eb-ook.com\/#\/schema\/logo\/image\/","url":"https:\/\/eb-ook.com\/wp-content\/uploads\/2024\/06\/audiobooks.png","contentUrl":"https:\/\/eb-ook.com\/wp-content\/uploads\/2024\/06\/audiobooks.png","width":290,"height":153,"caption":"Audiobooks,Eb-ook"},"image":{"@id":"https:\/\/eb-ook.com\/#\/schema\/logo\/image\/"}}]}},"_links":{"self":[{"href":"https:\/\/eb-ook.com\/fr\/wp-json\/wp\/v2\/pages\/2815"}],"collection":[{"href":"https:\/\/eb-ook.com\/fr\/wp-json\/wp\/v2\/pages"}],"about":[{"href":"https:\/\/eb-ook.com\/fr\/wp-json\/wp\/v2\/types\/page"}],"author":[{"embeddable":true,"href":"https:\/\/eb-ook.com\/fr\/wp-json\/wp\/v2\/users\/1"}],"replies":[{"embeddable":true,"href":"https:\/\/eb-ook.com\/fr\/wp-json\/wp\/v2\/comments?post=2815"}],"version-history":[{"count":0,"href":"https:\/\/eb-ook.com\/fr\/wp-json\/wp\/v2\/pages\/2815\/revisions"}],"wp:attachment":[{"href":"https:\/\/eb-ook.com\/fr\/wp-json\/wp\/v2\/media?parent=2815"}],"curies":[{"name":"wp","href":"https:\/\/api.w.org\/{rel}","templated":true}]}}