{"id":2815,"date":"2024-06-01T15:11:16","date_gmt":"2024-06-01T15:11:16","guid":{"rendered":"https:\/\/eb-ook.com\/?page_id=2815"},"modified":"2024-06-01T15:11:19","modified_gmt":"2024-06-01T15:11:19","slug":"dmca","status":"publish","type":"page","link":"https:\/\/eb-ook.com\/es\/dmca\/","title":{"rendered":"DMCA"},"content":{"rendered":"<p>\nWelcome to   https:\/\/eb-ook.com  (the &#8220;Site&#8221;). We respect the intellectual property rights of others just as we expect others to respect our rights. Pursuant to Digital Millennium Copyright Act, Title 17, United States Code, Section 512(c), a copyright owner or their agent may submit a takedown notice to us via our DMCA Agent listed below. As an internet service provider, we are entitled to claim immunity from said infringement claims pursuant to the &#8220;safe harbor&#8221; provisions of the DMCA. To submit a good faith infringement claim to us, you must submit the notice to us that sets forth the following information:\n<\/p>\n<p><strong>Notificaci\u00f3n de Infracci\u00f3n de Reclamaci\u00f3n de<\/strong><\/p>\n<ol>\n<li>Una firma f\u00edsica o electr\u00f3nica del propietario del derecho de autor (o alguien autorizado para actuar en nombre del propietario);<\/li>\n<li>Identificaci\u00f3n de la obra cuyos derechos de autor han sido violados;<\/li>\n<li>Identificaci\u00f3n del material que infringe a ser eliminado, y la informaci\u00f3n razonablemente suficiente para permitir al proveedor del servicio localizar el material. [Por favor, env\u00ede la direcci\u00f3n URL de la p\u00e1gina en cuesti\u00f3n para que nos ayuden en la identificaci\u00f3n de la supuesta infractora de trabajo];<\/li>\n<li>Informaci\u00f3n razonablemente suficiente para permitir al proveedor del servicio en contacto con la parte reclamante, incluyendo su nombre, direcci\u00f3n f\u00edsica, direcci\u00f3n de correo electr\u00f3nico, n\u00famero de tel\u00e9fono y n\u00famero de fax;<\/li>\n<li>Una declaraci\u00f3n de que la parte demandante tiene una creencia de buena fe que el uso del material no est\u00e1 autorizado por el agente de derechos de autor; y<\/li>\n<li>Una declaraci\u00f3n que la informaci\u00f3n en la notificaci\u00f3n es precisa y, bajo pena de perjurio, que la parte reclamante est\u00e1 autorizada a actuar en nombre del propietario del derecho de autor.<\/li>\n<\/ol>\n<p>T\u00edtulo 17 USC \u00a7512(f) proporciona sanciones civiles por da\u00f1os y perjuicios, incluidos los costos y honorarios de abogado, en contra de cualquier persona que a sabiendas y materialmente tergiversa cierta informaci\u00f3n en una notificaci\u00f3n de infracci\u00f3n en virtud de 17 USC \u00a7512(c)(3).<\/p>\n<p>Enviar todos los avisos de desmontaje a trav\u00e9s de nuestra p\u00e1gina de Contacto. Por favor enviar por correo electr\u00f3nico para su pronta atenci\u00f3n.<\/p>\n<p>Por favor, tenga en cuenta que podemos compartir la identidad y la informaci\u00f3n en cualquier demanda por violaci\u00f3n de copyright recibimos con el presunto infractor. En la presentaci\u00f3n de un reclamo, usted entiende acepta y est\u00e1 de acuerdo que su identidad y la de reclamaci\u00f3n podr\u00e1 ser comunicada al presunto infractor.<\/p>\n<p><strong>Contra-Notificaci\u00f3n \u2013 Restauraci\u00f3n de Material<\/strong><\/p>\n<p>Si usted ha recibido un aviso de material de derribo, debido a una demanda por violaci\u00f3n de copyright, usted nos puede proporcionar con un contador de notificaciones en un esfuerzo para tener el material en cuesti\u00f3n restaurado para el sitio. Dicha notificaci\u00f3n deber\u00e1 ser notificada por escrito a nuestro Agente de la DMCA y debe contener sustancialmente los siguientes elementos de conformidad con 17 USC Secci\u00f3n 512(g)(3):<\/p>\n<ol>\n<li>Su firma f\u00edsica o electr\u00f3nica.<\/li>\n<li>Una descripci\u00f3n del material que ha sido retirado y la ubicaci\u00f3n original del material antes de ser bajado<\/li>\n<li>Una declaraci\u00f3n bajo pena de perjurio, de que usted tiene una creencia de buena fe que el material fue removido o inhabilitado como consecuencia de un error o identificaci\u00f3n err\u00f3nea del material que deb\u00eda eliminarse o inhabilitarse.<\/li>\n<li>Su nombre, direcci\u00f3n y n\u00famero de tel\u00e9fono, y una declaraci\u00f3n en la que consienta a la jurisdicci\u00f3n de la corte federal de distrito para el distrito judicial en que se encuentra la direcci\u00f3n (o si usted est\u00e1 fuera de los Estados unidos, en la que consienta a la jurisdicci\u00f3n de cualquier distrito judicial en el que el proveedor de servicio puede ser encontrado), y que usted acepta el servicio del proceso de la persona o empresa que le proporciona la notificaci\u00f3n de infracci\u00f3n original.<\/li>\n<li>Enviar su contador de aviso a trav\u00e9s de nuestra p\u00e1gina de Contacto. El correo electr\u00f3nico es muy recomendable.<\/li>\n<\/ol>\n<p><strong>Infractor Reincidente De La Pol\u00edtica<\/strong><\/p>\n<p>Nos tomamos el derecho de autor de infracci\u00f3n muy en serio. De conformidad con el infractor reincidente requisitos de la pol\u00edtica de la Digital Millennium Copyright Act, mantenemos una lista de avisos de DMCA de titulares de derechos de autor y hacer un esfuerzo de buena fe para identificar cualquier infractores reincidentes. Aquellos que violen nuestros interna infractor reincidente de la pol\u00edtica va a tener sus cuentas terminado.<\/p>\n<p><strong>Modificaciones<\/strong><\/p>\n<p>Nos reservamos el derecho de modificar el contenido de esta p\u00e1gina y su pol\u00edtica para el manejo de DMCA reclamaciones en cualquier momento y por cualquier raz\u00f3n. Se alienta a que revise de nuevo para revisar esta pol\u00edtica con frecuencia para cualquier cambio.<\/p>\n<p><strong>llama nos<\/strong><\/p>\n<p>Si usted tiene alguna pregunta acerca de esta Pol\u00edtica de Privacidad, por favor p\u00f3ngase en contacto con nosotros en contact@eb-ook.com <\/p>\n<hr \/>\n<p>\u00daltima Actualizaci\u00f3n: 1 De Junio De 2024<\/p>","protected":false},"excerpt":{"rendered":"<p>Welcome to https:\/\/eb-ook.com (the &#8220;Site&#8221;). We respect the intellectual property rights of others just as we expect others to respect our rights. Pursuant to Digital Millennium Copyright Act, Title 17, United States Code, Section 512(c), a copyright owner or their agent may submit a takedown notice to us via our DMCA Agent listed below. As [&hellip;]<\/p>","protected":false},"author":1,"featured_media":0,"parent":0,"menu_order":0,"comment_status":"closed","ping_status":"closed","template":"","meta":{"footnotes":""},"yoast_head":"<!-- This site is optimized with the Yoast SEO Premium plugin v22.9 (Yoast SEO v23.9) - https:\/\/yoast.com\/wordpress\/plugins\/seo\/ -->\n<title>DMCA - Audiobooks,Eb-ook<\/title>\n<meta name=\"robots\" content=\"index, follow, max-snippet:-1, max-image-preview:large, max-video-preview:-1\" \/>\n<link rel=\"canonical\" href=\"https:\/\/eb-ook.com\/es\/dmca\/\" \/>\n<meta property=\"og:locale\" content=\"es_ES\" \/>\n<meta property=\"og:type\" content=\"article\" \/>\n<meta property=\"og:title\" content=\"DMCA\" \/>\n<meta property=\"og:description\" content=\"Welcome to https:\/\/eb-ook.com (the &#8220;Site&#8221;). We respect the intellectual property rights of others just as we expect others to respect our rights. Pursuant to Digital Millennium Copyright Act, Title 17, United States Code, Section 512(c), a copyright owner or their agent may submit a takedown notice to us via our DMCA Agent listed below. As [&hellip;]\" \/>\n<meta property=\"og:url\" content=\"https:\/\/eb-ook.com\/es\/dmca\/\" \/>\n<meta property=\"og:site_name\" content=\"Audiobooks,Eb-ook\" \/>\n<meta property=\"article:modified_time\" content=\"2024-06-01T15:11:19+00:00\" \/>\n<meta name=\"twitter:card\" content=\"summary_large_image\" \/>\n<meta name=\"twitter:label1\" content=\"Tiempo de lectura\" \/>\n\t<meta name=\"twitter:data1\" content=\"3 minutos\" \/>\n<script type=\"application\/ld+json\" class=\"yoast-schema-graph\">{\"@context\":\"https:\/\/schema.org\",\"@graph\":[{\"@type\":\"WebPage\",\"@id\":\"https:\/\/eb-ook.com\/dmca\/\",\"url\":\"https:\/\/eb-ook.com\/dmca\/\",\"name\":\"DMCA - Audiobooks,Eb-ook\",\"isPartOf\":{\"@id\":\"https:\/\/eb-ook.com\/#website\"},\"datePublished\":\"2024-06-01T15:11:16+00:00\",\"dateModified\":\"2024-06-01T15:11:19+00:00\",\"breadcrumb\":{\"@id\":\"https:\/\/eb-ook.com\/dmca\/#breadcrumb\"},\"inLanguage\":\"es\",\"potentialAction\":[{\"@type\":\"ReadAction\",\"target\":[\"https:\/\/eb-ook.com\/dmca\/\"]}]},{\"@type\":\"BreadcrumbList\",\"@id\":\"https:\/\/eb-ook.com\/dmca\/#breadcrumb\",\"itemListElement\":[{\"@type\":\"ListItem\",\"position\":1,\"name\":\"Home\",\"item\":\"https:\/\/eb-ook.com\/\"},{\"@type\":\"ListItem\",\"position\":2,\"name\":\"DMCA\"}]},{\"@type\":\"WebSite\",\"@id\":\"https:\/\/eb-ook.com\/#website\",\"url\":\"https:\/\/eb-ook.com\/\",\"name\":\"Audiobooks,Eb-ook\",\"description\":\"\",\"publisher\":{\"@id\":\"https:\/\/eb-ook.com\/#organization\"},\"potentialAction\":[{\"@type\":\"SearchAction\",\"target\":{\"@type\":\"EntryPoint\",\"urlTemplate\":\"https:\/\/eb-ook.com\/?s={search_term_string}\"},\"query-input\":{\"@type\":\"PropertyValueSpecification\",\"valueRequired\":true,\"valueName\":\"search_term_string\"}}],\"inLanguage\":\"es\"},{\"@type\":\"Organization\",\"@id\":\"https:\/\/eb-ook.com\/#organization\",\"name\":\"Audiobooks,Eb-ook\",\"url\":\"https:\/\/eb-ook.com\/\",\"logo\":{\"@type\":\"ImageObject\",\"inLanguage\":\"es\",\"@id\":\"https:\/\/eb-ook.com\/#\/schema\/logo\/image\/\",\"url\":\"https:\/\/eb-ook.com\/wp-content\/uploads\/2024\/06\/audiobooks.png\",\"contentUrl\":\"https:\/\/eb-ook.com\/wp-content\/uploads\/2024\/06\/audiobooks.png\",\"width\":290,\"height\":153,\"caption\":\"Audiobooks,Eb-ook\"},\"image\":{\"@id\":\"https:\/\/eb-ook.com\/#\/schema\/logo\/image\/\"}}]}<\/script>\n<!-- \/ Yoast SEO Premium plugin. -->","yoast_head_json":{"title":"DMCA - Audiobooks,Eb-ook","robots":{"index":"index","follow":"follow","max-snippet":"max-snippet:-1","max-image-preview":"max-image-preview:large","max-video-preview":"max-video-preview:-1"},"canonical":"https:\/\/eb-ook.com\/es\/dmca\/","og_locale":"es_ES","og_type":"article","og_title":"DMCA","og_description":"Welcome to https:\/\/eb-ook.com (the &#8220;Site&#8221;). We respect the intellectual property rights of others just as we expect others to respect our rights. Pursuant to Digital Millennium Copyright Act, Title 17, United States Code, Section 512(c), a copyright owner or their agent may submit a takedown notice to us via our DMCA Agent listed below. As [&hellip;]","og_url":"https:\/\/eb-ook.com\/es\/dmca\/","og_site_name":"Audiobooks,Eb-ook","article_modified_time":"2024-06-01T15:11:19+00:00","twitter_card":"summary_large_image","twitter_misc":{"Tiempo de lectura":"3 minutos"},"schema":{"@context":"https:\/\/schema.org","@graph":[{"@type":"WebPage","@id":"https:\/\/eb-ook.com\/dmca\/","url":"https:\/\/eb-ook.com\/dmca\/","name":"DMCA - Audiobooks,Eb-ook","isPartOf":{"@id":"https:\/\/eb-ook.com\/#website"},"datePublished":"2024-06-01T15:11:16+00:00","dateModified":"2024-06-01T15:11:19+00:00","breadcrumb":{"@id":"https:\/\/eb-ook.com\/dmca\/#breadcrumb"},"inLanguage":"es","potentialAction":[{"@type":"ReadAction","target":["https:\/\/eb-ook.com\/dmca\/"]}]},{"@type":"BreadcrumbList","@id":"https:\/\/eb-ook.com\/dmca\/#breadcrumb","itemListElement":[{"@type":"ListItem","position":1,"name":"Home","item":"https:\/\/eb-ook.com\/"},{"@type":"ListItem","position":2,"name":"DMCA"}]},{"@type":"WebSite","@id":"https:\/\/eb-ook.com\/#website","url":"https:\/\/eb-ook.com\/","name":"Audiobooks,Eb-ook","description":"","publisher":{"@id":"https:\/\/eb-ook.com\/#organization"},"potentialAction":[{"@type":"SearchAction","target":{"@type":"EntryPoint","urlTemplate":"https:\/\/eb-ook.com\/?s={search_term_string}"},"query-input":{"@type":"PropertyValueSpecification","valueRequired":true,"valueName":"search_term_string"}}],"inLanguage":"es"},{"@type":"Organization","@id":"https:\/\/eb-ook.com\/#organization","name":"Audiobooks,Eb-ook","url":"https:\/\/eb-ook.com\/","logo":{"@type":"ImageObject","inLanguage":"es","@id":"https:\/\/eb-ook.com\/#\/schema\/logo\/image\/","url":"https:\/\/eb-ook.com\/wp-content\/uploads\/2024\/06\/audiobooks.png","contentUrl":"https:\/\/eb-ook.com\/wp-content\/uploads\/2024\/06\/audiobooks.png","width":290,"height":153,"caption":"Audiobooks,Eb-ook"},"image":{"@id":"https:\/\/eb-ook.com\/#\/schema\/logo\/image\/"}}]}},"_links":{"self":[{"href":"https:\/\/eb-ook.com\/es\/wp-json\/wp\/v2\/pages\/2815"}],"collection":[{"href":"https:\/\/eb-ook.com\/es\/wp-json\/wp\/v2\/pages"}],"about":[{"href":"https:\/\/eb-ook.com\/es\/wp-json\/wp\/v2\/types\/page"}],"author":[{"embeddable":true,"href":"https:\/\/eb-ook.com\/es\/wp-json\/wp\/v2\/users\/1"}],"replies":[{"embeddable":true,"href":"https:\/\/eb-ook.com\/es\/wp-json\/wp\/v2\/comments?post=2815"}],"version-history":[{"count":0,"href":"https:\/\/eb-ook.com\/es\/wp-json\/wp\/v2\/pages\/2815\/revisions"}],"wp:attachment":[{"href":"https:\/\/eb-ook.com\/es\/wp-json\/wp\/v2\/media?parent=2815"}],"curies":[{"name":"wp","href":"https:\/\/api.w.org\/{rel}","templated":true}]}}